{"id":32,"date":"2026-03-14T00:25:51","date_gmt":"2026-03-13T23:25:51","guid":{"rendered":"https:\/\/mss-services.com\/?page_id=32"},"modified":"2026-03-17T08:59:10","modified_gmt":"2026-03-17T07:59:10","slug":"about","status":"publish","type":"page","link":"https:\/\/mss-services.com\/?page_id=32","title":{"rendered":"About"},"content":{"rendered":"\t\t<div data-elementor-type=\"wp-page\" data-elementor-id=\"32\" class=\"elementor elementor-32\" data-elementor-post-type=\"page\">\n\t\t\t\t<div class=\"elementor-element elementor-element-41eda04 e-flex e-con-boxed e-con e-parent\" data-id=\"41eda04\" data-element_type=\"container\" data-e-type=\"container\">\n\t\t\t\t\t<div class=\"e-con-inner\">\n\t\t\t\t<div class=\"elementor-element elementor-element-1a8b227 elementor-widget elementor-widget-heading\" data-id=\"1a8b227\" data-element_type=\"widget\" data-e-type=\"widget\" data-widget_type=\"heading.default\">\n\t\t\t\t\t<h2 class=\"elementor-heading-title elementor-size-default\">\u00dcber uns<\/h2>\t\t\t\t<\/div>\n\t\t\t\t\t<\/div>\n\t\t\t\t<\/div>\n\t\t<div class=\"elementor-element elementor-element-56b3c40 e-flex e-con-boxed e-con e-parent\" data-id=\"56b3c40\" data-element_type=\"container\" data-e-type=\"container\">\n\t\t\t\t\t<div class=\"e-con-inner\">\n\t\t\t\t<div class=\"elementor-element elementor-element-827672c elementor-widget elementor-widget-image\" data-id=\"827672c\" data-element_type=\"widget\" data-e-type=\"widget\" data-widget_type=\"image.default\">\n\t\t\t\t\t\t\t\t\t\t\t\t\t\t\t<img fetchpriority=\"high\" decoding=\"async\" width=\"768\" height=\"512\" src=\"https:\/\/mss-services.com\/wp-content\/uploads\/2026\/03\/about-us-768x512.png\" class=\"attachment-medium_large size-medium_large wp-image-471\" alt=\"\" srcset=\"https:\/\/mss-services.com\/wp-content\/uploads\/2026\/03\/about-us-768x512.png 768w, https:\/\/mss-services.com\/wp-content\/uploads\/2026\/03\/about-us-300x200.png 300w, https:\/\/mss-services.com\/wp-content\/uploads\/2026\/03\/about-us-1024x683.png 1024w, https:\/\/mss-services.com\/wp-content\/uploads\/2026\/03\/about-us.png 1536w\" sizes=\"(max-width: 768px) 100vw, 768px\" \/>\t\t\t\t\t\t\t\t\t\t\t\t\t\t\t<\/div>\n\t\t\t\t\t<\/div>\n\t\t\t\t<\/div>\n\t\t<div class=\"elementor-element elementor-element-8075bd9 e-flex e-con-boxed e-con e-parent\" data-id=\"8075bd9\" data-element_type=\"container\" data-e-type=\"container\">\n\t\t\t\t\t<div class=\"e-con-inner\">\n\t\t\t\t<div class=\"elementor-element elementor-element-9fcfb97 elementor-widget elementor-widget-text-editor\" data-id=\"9fcfb97\" data-element_type=\"widget\" data-e-type=\"widget\" data-widget_type=\"text-editor.default\">\n\t\t\t\t\t\t\t\t\t<p>Unsere Vision ist es, Unternehmen in einer zunehmend digitalen Welt mit <strong>zuverl\u00e4ssigen, sicheren und skalierbaren Cloud\u2011Hosting\u2011L\u00f6sungen<\/strong> nachhaltig zu st\u00e4rken. Wir m\u00f6chten eine Infrastruktur schaffen, die nicht nur heutigen Anforderungen gerecht wird, sondern aktiv auf zuk\u00fcnftige Entwicklungen vorbereitet ist. Dabei setzen wir auf modernste Technologien, automatisierte Prozesse und eine Architektur, die flexibel mit den Gesch\u00e4ftsmodellen unserer Kunden w\u00e4chst.<\/p><p>Im Mittelpunkt steht der Anspruch, <strong>Komplexit\u00e4t zu reduzieren<\/strong> und digitale Innovation zu erm\u00f6glichen. Wir wollen unseren Kunden den Freiraum geben, sich auf ihr Kerngesch\u00e4ft zu konzentrieren, w\u00e4hrend wir die technologische Basis bereitstellen, die Stabilit\u00e4t, Performance und Sicherheit vereint. Durch kontinuierliche Weiterentwicklung, transparente Zusammenarbeit und eine klare Ausrichtung auf Qualit\u00e4t m\u00f6chten wir die Zukunft des Cloud\u2011Hostings mitgestalten und Standards setzen, an denen sich der Markt orientiert.<\/p><p>Unser langfristiges Ziel ist es, als vertrauensw\u00fcrdiger Partner wahrgenommen zu werden, der nicht nur Infrastruktur liefert, sondern aktiv dazu beitr\u00e4gt, dass Unternehmen digital wachsen, resilient bleiben und neue Chancen schneller nutzen k\u00f6nnen.<\/p>\t\t\t\t\t\t\t\t<\/div>\n\t\t\t\t\t<\/div>\n\t\t\t\t<\/div>\n\t\t\t\t<\/div>\n\t\t","protected":false},"excerpt":{"rendered":"<p>\u00dcber uns Unsere Vision ist es, Unternehmen in einer zunehmend digitalen Welt mit zuverl\u00e4ssigen, sicheren und skalierbaren Cloud\u2011Hosting\u2011L\u00f6sungen nachhaltig zu st\u00e4rken. Wir m\u00f6chten eine Infrastruktur schaffen, die nicht nur heutigen Anforderungen gerecht wird, sondern aktiv auf zuk\u00fcnftige Entwicklungen vorbereitet ist. Dabei setzen wir auf modernste Technologien, automatisierte Prozesse und eine Architektur, die flexibel mit den [&hellip;]<\/p>\n","protected":false},"author":1,"featured_media":0,"parent":0,"menu_order":0,"comment_status":"closed","ping_status":"closed","template":"elementor_header_footer","meta":{"footnotes":""},"class_list":["post-32","page","type-page","status-publish","hentry"],"_links":{"self":[{"href":"https:\/\/mss-services.com\/index.php?rest_route=\/wp\/v2\/pages\/32","targetHints":{"allow":["GET"]}}],"collection":[{"href":"https:\/\/mss-services.com\/index.php?rest_route=\/wp\/v2\/pages"}],"about":[{"href":"https:\/\/mss-services.com\/index.php?rest_route=\/wp\/v2\/types\/page"}],"author":[{"embeddable":true,"href":"https:\/\/mss-services.com\/index.php?rest_route=\/wp\/v2\/users\/1"}],"replies":[{"embeddable":true,"href":"https:\/\/mss-services.com\/index.php?rest_route=%2Fwp%2Fv2%2Fcomments&post=32"}],"version-history":[{"count":34,"href":"https:\/\/mss-services.com\/index.php?rest_route=\/wp\/v2\/pages\/32\/revisions"}],"predecessor-version":[{"id":474,"href":"https:\/\/mss-services.com\/index.php?rest_route=\/wp\/v2\/pages\/32\/revisions\/474"}],"wp:attachment":[{"href":"https:\/\/mss-services.com\/index.php?rest_route=%2Fwp%2Fv2%2Fmedia&parent=32"}],"curies":[{"name":"wp","href":"https:\/\/api.w.org\/{rel}","templated":true}]}}