{"id":50,"date":"2026-03-14T00:25:55","date_gmt":"2026-03-13T23:25:55","guid":{"rendered":"https:\/\/mss-services.com\/?page_id=50"},"modified":"2026-03-17T11:32:47","modified_gmt":"2026-03-17T10:32:47","slug":"home","status":"publish","type":"page","link":"https:\/\/mss-services.com\/","title":{"rendered":"Home"},"content":{"rendered":"\t\t<div data-elementor-type=\"wp-page\" data-elementor-id=\"50\" class=\"elementor elementor-50\" data-elementor-post-type=\"page\">\n\t\t\t\t<div class=\"elementor-element elementor-element-8feb73c e-flex e-con-boxed e-con e-parent\" data-id=\"8feb73c\" data-element_type=\"container\" data-e-type=\"container\">\n\t\t\t\t\t<div class=\"e-con-inner\">\n\t\t\t\t<div class=\"elementor-element elementor-element-8bacc38 elementor-widget elementor-widget-heading\" data-id=\"8bacc38\" data-element_type=\"widget\" data-e-type=\"widget\" data-widget_type=\"heading.default\">\n\t\t\t\t\t<h1 class=\"elementor-heading-title elementor-size-default\">Unsere Kernkompetenzen<\/h1>\t\t\t\t<\/div>\n\t\t\t\t<div class=\"elementor-element elementor-element-686f716 elementor-widget elementor-widget-image\" data-id=\"686f716\" data-element_type=\"widget\" data-e-type=\"widget\" data-widget_type=\"image.default\">\n\t\t\t\t\t\t\t\t\t\t\t\t\t\t\t<img fetchpriority=\"high\" decoding=\"async\" width=\"800\" height=\"436\" src=\"https:\/\/mss-services.com\/wp-content\/uploads\/2026\/03\/picture2.png\" class=\"attachment-large size-large wp-image-260\" alt=\"\" \/>\t\t\t\t\t\t\t\t\t\t\t\t\t\t\t<\/div>\n\t\t\t\t\t<\/div>\n\t\t\t\t<\/div>\n\t\t<div class=\"elementor-element elementor-element-3038641 e-flex e-con-boxed e-con e-parent\" data-id=\"3038641\" data-element_type=\"container\" data-e-type=\"container\">\n\t\t\t\t\t<div class=\"e-con-inner\">\n\t\t\t\t<div class=\"elementor-element elementor-element-7b3732b elementor-widget elementor-widget-heading\" data-id=\"7b3732b\" data-element_type=\"widget\" data-e-type=\"widget\" data-widget_type=\"heading.default\">\n\t\t\t\t\t<h2 class=\"elementor-heading-title elementor-size-default\">Cloud Beratung &amp; Umsetzung<\/h2>\t\t\t\t<\/div>\n\t\t\t\t<div class=\"elementor-element elementor-element-3146345 elementor-widget elementor-widget-text-editor\" data-id=\"3146345\" data-element_type=\"widget\" data-e-type=\"widget\" data-widget_type=\"text-editor.default\">\n\t\t\t\t\t\t\t\t\t<p>Wenn ein Unternehmen ein neues Produkt entwickelt hat und es erfolgreich am Markt platzieren m\u00f6chte, stellt sich schnell die Frage, welche Cloud\u2011Dienste daf\u00fcr sinnvoll sind. Moderne Cloud\u2011Plattformen bieten skalierbare Infrastruktur, globale Reichweite und flexible Betriebsmodelle, die den Produktstart erheblich beschleunigen k\u00f6nnen.<\/p>\n<p>F\u00fcr Unternehmen ergeben sich dabei zwei zentrale Bereiche:<\/p>\n<p><\/p>\n<h3><center>Sinnvolle Cloud Dienste f\u00fcr Unternehmen<\/center><\/h3>\n<p><\/p>\n<ul>\n<li><strong>Compute\u2011Ressourcen:&nbsp;<\/strong>Virtuelle Maschinen, Container oder Serverless\u2011Funktionen, um Anwendungen flexibel und kosteneffizient zu betreiben.<\/li>\n<li><strong>Datenbanken &amp; Storage:&nbsp;<\/strong>Skalierbare Datenhaltung, Backups, globale Replikation und hohe Ausfallsicherheit.<\/li>\n<li><strong>Netzwerk\u2011 und Sicherheitsdienste:&nbsp;<\/strong>Firewalls, Zero\u2011Trust\u2011Modelle, DDoS\u2011Schutz, VPN\u2011Anbindungen.<\/li>\n<li><strong>DevOps\u2011 und Automatisierungsservices:<\/strong>&nbsp;CI, CD\u2011Pipelines, Infrastructure as Code, Monitoring, Observability.<\/li>\n<li><strong>Content Delivery &amp; API\u2011Management:<\/strong>&nbsp;Globale Verteilung von Inhalten, API\u2011Gateways, Load Balancing.<\/li>\n<li><strong>KI\u2011 und Analyseplattformen:&nbsp;<\/strong>Daten analyse Machine Learning, Automatisierung von Gesch\u00e4ftsprozessen.<\/li>\n<\/ul>\n<div><span style=\"background-color: transparent;\">&nbsp;<\/span><\/div>\n<p><span style=\"background-color: transparent;\">Diese Dienste erm\u00f6glichen es, Produkte schnell, sicher und weltweit verf\u00fcgbar zu machen.<\/span><\/p>\n<p><\/p>\n<h3><center>Hybrid Aufstellung als strategischer Vorteil<\/center><\/h3>\n<p><\/p>\n<p>Viele Unternehmen entscheiden sich f\u00fcr ein <strong>Hybrid\u2011Cloud\u2011Modell<\/strong>, weil es das Beste aus beiden Welten vereint:<\/p>\n<ul>\n<li><strong style=\"background-color: transparent;\">Bestehende On\u2011Premises\u2011Systeme weiter nutzen<\/strong><span style=\"background-color: transparent;\">, ohne alles migrieren zu m\u00fcssen.<\/span><\/li>\n<li><strong style=\"background-color: transparent;\">Sensible Daten lokal halten<\/strong><span style=\"background-color: transparent;\">, w\u00e4hrend skalierbare Workloads in die Cloud ausgelagert werden.<\/span><\/li>\n<li><strong style=\"background-color: transparent;\">Schrittweise Modernisierung<\/strong><span style=\"background-color: transparent;\">, statt eines riskanten Big\u2011Bang\u2011Umstiegs.<\/span><\/li>\n<li><strong style=\"background-color: transparent;\">Hohe Ausfallsicherheit<\/strong><span style=\"background-color: transparent;\"> durch verteilte Systeme.<\/span><\/li>\n<li><strong style=\"background-color: transparent;\">Flexibilit\u00e4t<\/strong><span style=\"background-color: transparent;\">, um Lastspitzen abzufangen oder neue M\u00e4rkte zu erschlie\u00dfen.<\/span><\/li>\n<\/ul>\n<p><span style=\"background-color: transparent;\">&nbsp;<\/span><\/p>\n<p><span style=\"background-color: transparent;\">Hybrid\u2011Cloud ist besonders sinnvoll, wenn Compliance\u2011Vorgaben, Legacy\u2011Systeme oder hohe Datenvolumina eine Rolle spielen.<\/span><\/p>\t\t\t\t\t\t\t\t<\/div>\n\t\t\t\t\t<\/div>\n\t\t\t\t<\/div>\n\t\t<div class=\"elementor-element elementor-element-0b18fb9 e-flex e-con-boxed e-con e-parent\" data-id=\"0b18fb9\" data-element_type=\"container\" data-e-type=\"container\">\n\t\t\t\t\t<div class=\"e-con-inner\">\n\t\t\t\t<div class=\"elementor-element elementor-element-f9c7b9e elementor-widget elementor-widget-heading\" data-id=\"f9c7b9e\" data-element_type=\"widget\" data-e-type=\"widget\" data-widget_type=\"heading.default\">\n\t\t\t\t\t<h2 class=\"elementor-heading-title elementor-size-default\">OnPremise Beratung &amp; Umsetzung<\/h2>\t\t\t\t<\/div>\n\t\t\t\t<div class=\"elementor-element elementor-element-d889ac1 elementor-widget elementor-widget-text-editor\" data-id=\"d889ac1\" data-element_type=\"widget\" data-e-type=\"widget\" data-widget_type=\"text-editor.default\">\n\t\t\t\t\t\t\t\t\tUnternehmen stehen oft vor der Frage, wie sie ihre IT\u2011Infrastruktur ausbauen oder ob die Anschaffung einer eigenen Umgebung sinnvoll ist. Die Entscheidung h\u00e4ngt stark von Anforderungen wie Sicherheit, Skalierbarkeit, Kosten und vorhandenen Systemen ab.\n<h3>\n<center>Wann eine eigene IT Infrastruktur sinnvoll ist<\/center><\/h3>\n<ul>\n \t<li><strong>Hohe Anforderungen an Datenschutz und Compliance<\/strong>, bei denen sensible Daten das Unternehmen nicht verlassen d\u00fcrfen.<\/li>\n \t<li><strong>Spezielle Hardware\u2011 oder Leistungsanforderungen<\/strong>, die Cloud\u2011Dienste nicht effizient abbilden k\u00f6nnen.<\/li>\n \t<li><strong>Bestehende Legacy\u2011Systeme<\/strong>, die eng mit internen Prozessen verzahnt sind.<\/li>\n \t<li><strong>Volle Kontrolle \u00fcber Betrieb, Sicherheit und Updates<\/strong>, ohne Abh\u00e4ngigkeit von externen Anbietern.<\/li>\n \t<li><strong>Langfristig stabile Workloads<\/strong>, bei denen sich eigene Hardware wirtschaftlich lohnt.<\/li>\n<\/ul>\n<h3><center>Unsere Unterst\u00fctzung<\/center><\/h3> Wir beraten dich umfassend dabei, die passende Strategie zu finden \u2013 ob eigene Infrastruktur, Cloud oder ein hybrider Ansatz. Gemeinsam entwickeln wir eine L\u00f6sung, die zu deinen technischen und wirtschaftlichen Anforderungen passt.\t\t\t\t\t\t\t\t<\/div>\n\t\t\t\t\t<\/div>\n\t\t\t\t<\/div>\n\t\t<div class=\"elementor-element elementor-element-2111c37 e-flex e-con-boxed e-con e-parent\" data-id=\"2111c37\" data-element_type=\"container\" data-e-type=\"container\">\n\t\t\t\t\t<div class=\"e-con-inner\">\n\t\t\t\t<div class=\"elementor-element elementor-element-aba928b elementor-widget elementor-widget-heading\" data-id=\"aba928b\" data-element_type=\"widget\" data-e-type=\"widget\" data-widget_type=\"heading.default\">\n\t\t\t\t\t<h2 class=\"elementor-heading-title elementor-size-default\">StartUp Beratung &amp; Umsetzung<\/h2>\t\t\t\t<\/div>\n\t\t\t\t<div class=\"elementor-element elementor-element-ed6926c elementor-widget elementor-widget-text-editor\" data-id=\"ed6926c\" data-element_type=\"widget\" data-e-type=\"widget\" data-widget_type=\"text-editor.default\">\n\t\t\t\t\t\t\t\t\t<h3>&nbsp;<\/h3>\n<p><\/p><h3><center>Unterst\u00fctzung f\u00fcr frisch gegr\u00fcndete Unternehmen<\/center><\/h3><p><\/p>\n<p>Wer ein Unternehmen neu gegr\u00fcndet hat, steht oft vor vielen technischen Entscheidungen. Besonders die Auswahl und Einrichtung der passenden IT\u2011Grundausstattung spielt eine wichtige Rolle f\u00fcr einen reibungslosen Start.<\/p>\n<p><\/p><h3><center>Beratung f\u00fcr deine IT Basis<\/center><\/h3><p><\/p>\n<ul>\n<li>Orientierung bei der Auswahl der richtigen Tools und Systeme<\/li>\n<li>Empfehlungen f\u00fcr sichere und skalierbare IT\u2011Strukturen<\/li>\n<li>Unterst\u00fctzung bei der Planung deiner digitalen Arbeitsumgebung<\/li>\n<\/ul>\n<p><\/p><h3><center>Microsoft Ersteinrichtung &amp; Setup<\/center><\/h3><p><\/p>\n<ul>\n<li>Einrichtung von Microsoft 365 Paketen<\/li>\n<li>Benutzerverwaltung, E\u2011Mail\u2011Konfiguration und Sicherheitsrichtlinien<\/li>\n<li>Einf\u00fchrung in Teams, OneDrive, SharePoint und weitere Dienste<\/li><\/ul><span style=\"background-color: transparent;\"><div><span style=\"background-color: transparent;\"><br><\/span><\/div>Wir begleiten dich Schritt f\u00fcr Schritt und sorgen daf\u00fcr, dass deine IT von Anfang an professionell, sicher und zukunftsf\u00e4hig aufgestellt ist.<\/span>\t\t\t\t\t\t\t\t<\/div>\n\t\t\t\t\t<\/div>\n\t\t\t\t<\/div>\n\t\t<div class=\"elementor-element elementor-element-dbafe8c e-flex e-con-boxed e-con e-parent\" data-id=\"dbafe8c\" data-element_type=\"container\" data-e-type=\"container\">\n\t\t\t\t\t<div class=\"e-con-inner\">\n\t\t\t\t<div class=\"elementor-element elementor-element-c6de584 elementor-widget elementor-widget-button\" data-id=\"c6de584\" data-element_type=\"widget\" data-e-type=\"widget\" data-widget_type=\"button.default\">\n\t\t\t\t\t\t\t\t\t\t<a class=\"elementor-button elementor-button-link elementor-size-sm\" href=\"https:\/\/mss-services.com\/?page_id=27\">\n\t\t\t\t\t\t<span class=\"elementor-button-content-wrapper\">\n\t\t\t\t\t\t<span class=\"elementor-button-icon\">\n\t\t\t\t<svg aria-hidden=\"true\" class=\"e-font-icon-svg e-far-question-circle\" viewBox=\"0 0 512 512\" xmlns=\"http:\/\/www.w3.org\/2000\/svg\"><path d=\"M256 8C119.043 8 8 119.083 8 256c0 136.997 111.043 248 248 248s248-111.003 248-248C504 119.083 392.957 8 256 8zm0 448c-110.532 0-200-89.431-200-200 0-110.495 89.472-200 200-200 110.491 0 200 89.471 200 200 0 110.53-89.431 200-200 200zm107.244-255.2c0 67.052-72.421 68.084-72.421 92.863V300c0 6.627-5.373 12-12 12h-45.647c-6.627 0-12-5.373-12-12v-8.659c0-35.745 27.1-50.034 47.579-61.516 17.561-9.845 28.324-16.541 28.324-29.579 0-17.246-21.999-28.693-39.784-28.693-23.189 0-33.894 10.977-48.942 29.969-4.057 5.12-11.46 6.071-16.666 2.124l-27.824-21.098c-5.107-3.872-6.251-11.066-2.644-16.363C184.846 131.491 214.94 112 261.794 112c49.071 0 101.45 38.304 101.45 88.8zM298 368c0 23.159-18.841 42-42 42s-42-18.841-42-42 18.841-42 42-42 42 18.841 42 42z\"><\/path><\/svg>\t\t\t<\/span>\n\t\t\t\t\t\t\t\t\t<span class=\"elementor-button-text\">Anfrage Stellen<\/span>\n\t\t\t\t\t<\/span>\n\t\t\t\t\t<\/a>\n\t\t\t\t\t\t\t\t<\/div>\n\t\t\t\t\t<\/div>\n\t\t\t\t<\/div>\n\t\t\t\t<\/div>\n\t\t","protected":false},"excerpt":{"rendered":"<p>Unsere Kernkompetenzen Cloud Beratung &amp; Umsetzung Wenn ein Unternehmen ein neues Produkt entwickelt hat und es erfolgreich am Markt platzieren m\u00f6chte, stellt sich schnell die Frage, welche Cloud\u2011Dienste daf\u00fcr sinnvoll sind. Moderne Cloud\u2011Plattformen bieten skalierbare Infrastruktur, globale Reichweite und flexible Betriebsmodelle, die den Produktstart erheblich beschleunigen k\u00f6nnen. F\u00fcr Unternehmen ergeben sich dabei zwei zentrale Bereiche: [&hellip;]<\/p>\n","protected":false},"author":1,"featured_media":0,"parent":0,"menu_order":0,"comment_status":"closed","ping_status":"closed","template":"elementor_header_footer","meta":{"footnotes":""},"class_list":["post-50","page","type-page","status-publish","hentry"],"_links":{"self":[{"href":"https:\/\/mss-services.com\/index.php?rest_route=\/wp\/v2\/pages\/50","targetHints":{"allow":["GET"]}}],"collection":[{"href":"https:\/\/mss-services.com\/index.php?rest_route=\/wp\/v2\/pages"}],"about":[{"href":"https:\/\/mss-services.com\/index.php?rest_route=\/wp\/v2\/types\/page"}],"author":[{"embeddable":true,"href":"https:\/\/mss-services.com\/index.php?rest_route=\/wp\/v2\/users\/1"}],"replies":[{"embeddable":true,"href":"https:\/\/mss-services.com\/index.php?rest_route=%2Fwp%2Fv2%2Fcomments&post=50"}],"version-history":[{"count":151,"href":"https:\/\/mss-services.com\/index.php?rest_route=\/wp\/v2\/pages\/50\/revisions"}],"predecessor-version":[{"id":519,"href":"https:\/\/mss-services.com\/index.php?rest_route=\/wp\/v2\/pages\/50\/revisions\/519"}],"wp:attachment":[{"href":"https:\/\/mss-services.com\/index.php?rest_route=%2Fwp%2Fv2%2Fmedia&parent=50"}],"curies":[{"name":"wp","href":"https:\/\/api.w.org\/{rel}","templated":true}]}}